{"id":252,"date":"2025-08-17T11:19:20","date_gmt":"2025-08-17T09:19:20","guid":{"rendered":"https:\/\/www.gabico.at\/about\/"},"modified":"2025-10-07T15:59:23","modified_gmt":"2025-10-07T13:59:23","slug":"about","status":"publish","type":"page","link":"https:\/\/www.gabico.at\/en\/about\/","title":{"rendered":"About me"},"content":{"rendered":"<div class=\"wp-block-uagb-container uagb-block-e5972208 alignfull uagb-is-root-container\"><div class=\"uagb-container-inner-blocks-wrap\">\n<div class=\"wp-block-uagb-advanced-heading uagb-block-b371cc12\"><p class=\"uagb-desc-text\">About me<\/p><h1 class=\"uagb-heading-text\">Your partner for sustainable business success and personal growth<\/h1><\/div>\n<\/div><\/div>\n\n\n\n<div class=\"wp-block-uagb-container uagb-block-28fa86dc alignfull uagb-is-root-container\"><div class=\"uagb-container-inner-blocks-wrap\">\n<div class=\"wp-block-uagb-container uagb-block-18062607\">\n<div class=\"wp-block-uagb-container uagb-block-ea15cb0a\">\n<div class=\"wp-block-uagb-image uagb-block-0be442bf wp-block-uagb-image--layout-default wp-block-uagb-image--effect-static wp-block-uagb-image--align-none\"><figure class=\"wp-block-uagb-image__figure\"><img decoding=\"async\" srcset=\"https:\/\/www.gabico.at\/wp-content\/uploads\/2025\/08\/GTML_friends2023_BH_WEB_139-682x1024.jpg ,https:\/\/www.gabico.at\/wp-content\/uploads\/2025\/08\/GTML_friends2023_BH_WEB_139.jpg 780w, https:\/\/www.gabico.at\/wp-content\/uploads\/2025\/08\/GTML_friends2023_BH_WEB_139.jpg 360w\" sizes=\"auto, (max-width: 480px) 150px\" src=\"https:\/\/www.gabico.at\/wp-content\/uploads\/2025\/08\/GTML_friends2023_BH_WEB_139-682x1024.jpg\" alt=\"\" class=\"uag-image-17\" width=\"560\" height=\"500\" title=\"GTML_friends2023_BH_WEB_139\" loading=\"lazy\" role=\"img\"\/><\/figure><\/div>\n\n\n\n<div class=\"wp-block-uagb-container uagb-block-bc8fb7c9\">\n<div class=\"wp-block-uagb-counter uagb-block-d1f2f60b wp-block-uagb-counter--number\"><div class=\"wp-block-uagb-counter__number\"><span class=\"uagb-counter-block-number\" data-duration=\"1.5\" data-to-value=\"29\" data-from-value=\"0\" data-delimiter=\",\"><\/span><span class=\"uagb-counter-block-suffix\">+<\/span><\/div><div class=\"wp-block-uagb-counter__title\">Years of experience<\/div><\/div>\n<\/div>\n\n\n\n<div class=\"wp-block-uagb-container uagb-block-733a60e1\">\n<div class=\"wp-block-uagb-counter uagb-block-6c75e0ad wp-block-uagb-counter--number\"><div class=\"wp-block-uagb-counter__number\"><span class=\"uagb-counter-block-number\" data-duration=\"1.5\" data-to-value=\"15\" data-from-value=\"0\" data-delimiter=\",\"><\/span><span class=\"uagb-counter-block-suffix\">+<\/span><\/div><div class=\"wp-block-uagb-counter__title\">Years in Sales Ledership<\/div><\/div>\n<\/div>\n\n\n\n<div class=\"wp-block-uagb-container uagb-block-9b243be6\">\n<div class=\"wp-block-uagb-counter uagb-block-dd716b88 wp-block-uagb-counter--number\"><div class=\"wp-block-uagb-counter__number\"><span class=\"uagb-counter-block-number\" data-duration=\"1.5\" data-to-value=\"80\" data-from-value=\"0\" data-delimiter=\",\"><\/span><span class=\"uagb-counter-block-suffix\">+<\/span><\/div><div class=\"wp-block-uagb-counter__title\">Countries<\/div><\/div>\n<\/div>\n\n\n\n<div class=\"wp-block-uagb-container uagb-block-92d8df2f\">\n<div class=\"wp-block-uagb-counter uagb-block-d9cb5f03 wp-block-uagb-counter--number\"><div class=\"wp-block-uagb-counter__number\"><span class=\"uagb-counter-block-number\" data-duration=\"1.5\" data-to-value=\"38\" data-from-value=\"0\" data-delimiter=\",\"><\/span><\/div><div class=\"wp-block-uagb-counter__title\">External certificates <\/div><\/div>\n<\/div>\n\n\n\n<figure class=\"wp-block-image size-large is-resized has-custom-border is-style-rounded\" style=\"margin-top:0;margin-right:10rem;margin-bottom:0;margin-left:10rem\"><img loading=\"lazy\" decoding=\"async\" width=\"1024\" height=\"1024\" src=\"https:\/\/www.gabico.at\/wp-content\/uploads\/2025\/09\/A-Brand-Colour-Palette-Guide-2-1-1024x1024.png\" alt=\"a brand colour palette guide (2)\" class=\"wp-image-473\" style=\"border-style:none;border-width:0px;border-radius:100px;width:254px;height:auto\" srcset=\"https:\/\/www.gabico.at\/wp-content\/uploads\/2025\/09\/A-Brand-Colour-Palette-Guide-2-1-1024x1024.png 1024w, https:\/\/www.gabico.at\/wp-content\/uploads\/2025\/09\/A-Brand-Colour-Palette-Guide-2-1-300x300.png 300w, https:\/\/www.gabico.at\/wp-content\/uploads\/2025\/09\/A-Brand-Colour-Palette-Guide-2-1-150x150.png 150w, https:\/\/www.gabico.at\/wp-content\/uploads\/2025\/09\/A-Brand-Colour-Palette-Guide-2-1-768x768.png 768w, https:\/\/www.gabico.at\/wp-content\/uploads\/2025\/09\/A-Brand-Colour-Palette-Guide-2-1-12x12.png 12w, https:\/\/www.gabico.at\/wp-content\/uploads\/2025\/09\/A-Brand-Colour-Palette-Guide-2-1.png 1080w\" sizes=\"auto, (max-width: 1024px) 100vw, 1024px\" \/><\/figure>\n<\/div>\n<\/div>\n\n\n\n<div class=\"wp-block-uagb-container uagb-block-7f0c016a\">\n<div class=\"wp-block-uagb-advanced-heading uagb-block-8a54fc41\"><p class=\"uagb-desc-text\">my approach<\/p><h2 class=\"uagb-heading-text\">Optimal consulting and coaching for sustainable business success<\/h2><\/div>\n\n\n\n<p style=\"margin-bottom:0\">Optimale Beratung und Coaching f\u00fcr nachhaltigen Gesch\u00e4ftserfolg. <br>Was mich von anderen Coaches unterscheidet, ist meine Begleitung meiner Klient:Innen unter dem Motto: gemeinsam, verl\u00e4sslich und Freude an der Zielumsetzung. Ma\u00dfgeschneidert f\u00fcr Ihre Bed\u00fcrfnisse.<br>Erfahrung im Leadership und Coaching ist mein Schatz, den ich gerne mit Ihnen teile. Das treibt mich an.<br>Jeder Mensch hat das Potential f\u00fcr seinen pers\u00f6nlichen Erfolg und ist ma\u00dfgeblich f\u00fcr den Unternehmenserfolg.<br><strong>\u201eIhr Weg ist mein Ziel.\u201c<\/strong><\/p>\n\n\n\n<p style=\"margin-top:0;padding-top:0\"><strong>What I bring to the table:<\/strong><br>\u00a0\u2022 29 years of professional experience in a renowned industrial company in Lower Austria<br>\u2022 15 years of sales leadership at Worthington Cylinders GmbH<br>\u2022 Leading an international sales team with clear targets and promoting sales staff<br>\u2022 Global sales responsibility<br>\u2022 Customer management<br>\u2022 Key Account Management<br>\u2022 Sales strategy<br>\u2022 Margin maximization<br>\u2022 B2B sales processes<br>\u2022 Numerous training and continuing education courses on leadership, sales management, certified mental coach training at GESU<br>Management consultant, certified life and business coach at Certycoach<br>\u00a0<br>And interest in \u201cpeople.\u201d<br>Ultimately, it is people who make the difference!<\/p>\n\n\n\n<div class=\"wp-block-uagb-image uagb-block-2cef716a wp-block-uagb-image--layout-default wp-block-uagb-image--effect-static wp-block-uagb-image--align-none\"><figure class=\"wp-block-uagb-image__figure\"><img decoding=\"async\" srcset=\"https:\/\/www.gabico.at\/wp-content\/uploads\/2025\/08\/pexels-photo-8145343.jpeg ,https:\/\/www.gabico.at\/wp-content\/uploads\/2025\/08\/pexels-photo-8145343.jpeg 780w, https:\/\/www.gabico.at\/wp-content\/uploads\/2025\/08\/pexels-photo-8145343.jpeg 360w\" sizes=\"auto, (max-width: 480px) 150px\" src=\"https:\/\/www.gabico.at\/wp-content\/uploads\/2025\/08\/pexels-photo-8145343.jpeg\" alt=\"A group of adults in a warm atmosphere celebrating teamwork with a high-five gesture.\" class=\"uag-image-86\" width=\"560\" height=\"300\" title=\"who-we-are\" loading=\"lazy\" role=\"img\"\/><\/figure><\/div>\n<\/div>\n<\/div><\/div>\n\n\n\n<div class=\"wp-block-uagb-container uagb-layout-grid uagb-block-b73b02d3 alignfull uagb-is-root-container\"><div class=\"uagb-container-inner-blocks-wrap\">\n<div class=\"wp-block-uagb-container uagb-block-68004fa2\">\n<div class=\"wp-block-uagb-info-box uagb-block-777883ce uagb-infobox__content-wrap  uagb-infobox-icon-above-title uagb-infobox-image-valign-top\"><div class=\"uagb-ifb-content\"><div class=\"uagb-ifb-title-wrap\"><p class=\"uagb-ifb-title-prefix\">The development<\/p><h2 class=\"uagb-ifb-title\">Why I want to support you<\/h2><\/div><p class=\"uagb-ifb-desc\">Consulting is straightforward. The approach is \u201cI know,\u201d and you can benefit from an expert's existing knowledge and experience. This makes a lot of sense for many topics where people in business need facts and specific knowledge. I can help.<br>&nbsp;<br>Coaching ist so spannend und enorm hilfreich, die eigenen Ressourcen und Kompetenzen zum Vorschein zu bringen und optimal f\u00fcr Ihr Business und Sie pers\u00f6nlich zu nutzen. Coaching, so sagt man nicht ohne Grund, ist die moderne Form der Beratung. Der Ansatz ist \u201aSie wissen\u2018. In jedem von uns schlummert oft so viel ungenutztes Potential, das nur aktiviert werden muss. Eine gemeinsame Entdeckungsreise \u00f6ffnet neue Perspektiven. Klarheit ist der Sprit als Energie-Booster, um die richtigen Entscheidungen zu treffen und f\u00fchrt unweigerlich zum Fortschritt auf Ihrem Weg zum maximalen Erfolg, um wirksam zu werden. Dabei begleite ich Sie in verschiedenen wichtigen F\u00fchrungsthemen, nicht zuletzt f\u00fcr Ihre pers\u00f6nliche Weiterentwicklung. Das inspiriert auch mich!<\/p><\/div><\/div>\n<\/div>\n\n\n\n<div class=\"wp-block-uagb-image uagb-block-1c8aa24f wp-block-uagb-image--layout-default wp-block-uagb-image--effect-static wp-block-uagb-image--align-none\"><figure class=\"wp-block-uagb-image__figure\"><img decoding=\"async\" srcset=\"https:\/\/www.gabico.at\/wp-content\/uploads\/2025\/08\/SW_GTML_friends2023_BH_WEB_135-1024x682.jpg ,https:\/\/www.gabico.at\/wp-content\/uploads\/2025\/08\/SW_GTML_friends2023_BH_WEB_135.jpg 780w, https:\/\/www.gabico.at\/wp-content\/uploads\/2025\/08\/SW_GTML_friends2023_BH_WEB_135.jpg 360w\" sizes=\"auto, (max-width: 480px) 150px\" src=\"https:\/\/www.gabico.at\/wp-content\/uploads\/2025\/08\/SW_GTML_friends2023_BH_WEB_135-1024x682.jpg\" alt=\"sw gtml friends2023 bh web 135\" class=\"uag-image-305\" width=\"600\" height=\"500\" title=\"sw gtml friends2023 bh web 135\" loading=\"lazy\" role=\"img\"\/><\/figure><\/div>\n<\/div><\/div>\n\n\n\n<div class=\"wp-block-uagb-container uagb-block-353480fd alignfull uagb-is-root-container\"><div class=\"uagb-container-inner-blocks-wrap\">\n<div class=\"wp-block-uagb-info-box uagb-block-289af9f9 uagb-infobox__content-wrap  uagb-infobox-icon-above-title uagb-infobox-image-valign-top\"><div class=\"uagb-ifb-content\"><div class=\"uagb-ifb-title-wrap\"><h2 class=\"uagb-ifb-title\">Get in touch with me now!<\/h2><\/div><p class=\"uagb-ifb-desc\">Let's plan and implement the next steps for your business success together.<\/p><div class=\"uagb-ifb-button-wrapper wp-block-button\"><a href=\"\/en\/contact\/\" class=\"uagb-infobox-cta-link wp-block-button__link\" target=\"_self\" rel=\"noopener noreferrer\" onclick=\"return true;\"><span class=\"uagb-inline-editing\">Start now<\/span><\/a><\/div><\/div><\/div>\n<\/div><\/div>","protected":false},"excerpt":{"rendered":"<p>What I bring to the table:<br \/>\u00a0\u2022 29 years of professional experience in a renowned industrial company in Lower Austria<br \/>\u2022 15 years of sales leadership at Worthington Cylinders GmbH<br \/>\u2022 Leading an international sales team with clear targets and promoting sales staff<br \/>\u2022 Global sales responsibility<br \/>\u2022 Customer management<br \/>\u2022 Key Account Management<br \/>\u2022 Sales strategy<br \/>\u2022 Margin maximization<br \/>\u2022 B2B sales processes<br \/>\u2022 Numerous training and continuing education courses on leadership, sales management, certified mental coach training at GESU<br \/>Management consultant, certified life and business coach at Certycoach<br \/>\u00a0<br \/>And interest in \u201cpeople.\u201d<br \/>Es sind letztendlich die Menschen, die den Unterschied machen!\u2026]<\/p>","protected":false},"author":1,"featured_media":0,"parent":0,"menu_order":0,"comment_status":"closed","ping_status":"closed","template":"","meta":{"_uag_custom_page_level_css":"","site-sidebar-layout":"default","site-content-layout":"","ast-site-content-layout":"default","site-content-style":"default","site-sidebar-style":"default","ast-global-header-display":"","ast-banner-title-visibility":"","ast-main-header-display":"","ast-hfb-above-header-display":"","ast-hfb-below-header-display":"","ast-hfb-mobile-header-display":"","site-post-title":"disabled","ast-breadcrumbs-content":"","ast-featured-img":"","footer-sml-layout":"","theme-transparent-header-meta":"","adv-header-id-meta":"","stick-header-meta":"","header-above-stick-meta":"","header-main-stick-meta":"","header-below-stick-meta":"","astra-migrate-meta-layouts":"default","ast-page-background-enabled":"default","ast-page-background-meta":{"desktop":{"background-color":"var(--ast-global-color-4)","background-image":"","background-repeat":"repeat","background-position":"center center","background-size":"auto","background-attachment":"scroll","background-type":"","background-media":"","overlay-type":"","overlay-color":"","overlay-opacity":"","overlay-gradient":""},"tablet":{"background-color":"","background-image":"","background-repeat":"repeat","background-position":"center center","background-size":"auto","background-attachment":"scroll","background-type":"","background-media":"","overlay-type":"","overlay-color":"","overlay-opacity":"","overlay-gradient":""},"mobile":{"background-color":"","background-image":"","background-repeat":"repeat","background-position":"center center","background-size":"auto","background-attachment":"scroll","background-type":"","background-media":"","overlay-type":"","overlay-color":"","overlay-opacity":"","overlay-gradient":""}},"ast-content-background-meta":{"desktop":{"background-color":"var(--ast-global-color-5)","background-image":"","background-repeat":"repeat","background-position":"center center","background-size":"auto","background-attachment":"scroll","background-type":"","background-media":"","overlay-type":"","overlay-color":"","overlay-opacity":"","overlay-gradient":""},"tablet":{"background-color":"var(--ast-global-color-5)","background-image":"","background-repeat":"repeat","background-position":"center center","background-size":"auto","background-attachment":"scroll","background-type":"","background-media":"","overlay-type":"","overlay-color":"","overlay-opacity":"","overlay-gradient":""},"mobile":{"background-color":"var(--ast-global-color-5)","background-image":"","background-repeat":"repeat","background-position":"center center","background-size":"auto","background-attachment":"scroll","background-type":"","background-media":"","overlay-type":"","overlay-color":"","overlay-opacity":"","overlay-gradient":""}},"footnotes":""},"class_list":["post-252","page","type-page","status-publish","hentry"],"uagb_featured_image_src":{"full":false,"thumbnail":false,"medium":false,"medium_large":false,"large":false,"1536x1536":false,"2048x2048":false,"trp-custom-language-flag":false},"uagb_author_info":{"display_name":"admin","author_link":"https:\/\/www.gabico.at\/en\/author\/admin\/"},"uagb_comment_info":0,"uagb_excerpt":"Was ich mitbringe:\u00a0\u2022 29 Jahre Berufserfahrung in einem namhaften Industrieunternehmen in Nieder\u00f6sterreich\u2022 15 Jahre Sales Leadership bei Worthington Cylinders GmbH\u2022 F\u00fchrung eines internationalen Vertriebsteams mit klaren Zielvorgaben und F\u00f6rderung der Vertriebsmitarbeiter\u2022 Globale Vertriebsverantwortung\u2022 Kundenmanagement\u2022 Key Account Management\u2022 Vertriebsstrategie\u2022 Margenmaximierung\u2022 B2B Vertriebsprozesse\u2022 Zahlreiche Aus- und Weiterbildungen zum Thema Leadership, Vertriebssteuerung, Diplomierte Mentaltrainerausbildung bei GESUUnternehmensberatung, Zertifizierter Life&hellip;","_links":{"self":[{"href":"https:\/\/www.gabico.at\/en\/wp-json\/wp\/v2\/pages\/252","targetHints":{"allow":["GET"]}}],"collection":[{"href":"https:\/\/www.gabico.at\/en\/wp-json\/wp\/v2\/pages"}],"about":[{"href":"https:\/\/www.gabico.at\/en\/wp-json\/wp\/v2\/types\/page"}],"author":[{"embeddable":true,"href":"https:\/\/www.gabico.at\/en\/wp-json\/wp\/v2\/users\/1"}],"replies":[{"embeddable":true,"href":"https:\/\/www.gabico.at\/en\/wp-json\/wp\/v2\/comments?post=252"}],"version-history":[{"count":17,"href":"https:\/\/www.gabico.at\/en\/wp-json\/wp\/v2\/pages\/252\/revisions"}],"predecessor-version":[{"id":492,"href":"https:\/\/www.gabico.at\/en\/wp-json\/wp\/v2\/pages\/252\/revisions\/492"}],"wp:attachment":[{"href":"https:\/\/www.gabico.at\/en\/wp-json\/wp\/v2\/media?parent=252"}],"curies":[{"name":"wp","href":"https:\/\/api.w.org\/{rel}","templated":true}]}}